{"id":1391,"date":"2018-10-26T15:23:27","date_gmt":"2018-10-26T13:23:27","guid":{"rendered":"https:\/\/www.guremarket.eus\/?page_id=1391"},"modified":"2018-11-19T13:36:20","modified_gmt":"2018-11-19T12:36:20","slug":"eventos","status":"publish","type":"page","link":"https:\/\/www.guremarket.eus\/eu\/eventos\/","title":{"rendered":"Ekitaldiak"},"content":{"rendered":"<div data-elementor-type=\"wp-post\" data-elementor-id=\"1391\" class=\"elementor elementor-1391 elementor-bc-flex-widget\" data-elementor-post-type=\"page\">\n\t\t\t\t\t\t<section class=\"elementor-section elementor-top-section elementor-element elementor-element-039722b elementor-section-boxed elementor-section-height-default elementor-section-height-default\" data-id=\"039722b\" data-element_type=\"section\">\n\t\t\t\t\t\t<div class=\"elementor-container elementor-column-gap-default\">\n\t\t\t\t\t<div class=\"elementor-column elementor-col-33 elementor-top-column elementor-element elementor-element-f5604b2\" data-id=\"f5604b2\" data-element_type=\"column\">\n\t\t\t<div class=\"elementor-widget-wrap\">\n\t\t\t\t\t\t\t<\/div>\n\t\t<\/div>\n\t\t\t\t<div class=\"elementor-column elementor-col-33 elementor-top-column elementor-element elementor-element-ca3755d\" data-id=\"ca3755d\" data-element_type=\"column\">\n\t\t\t<div class=\"elementor-widget-wrap\">\n\t\t\t\t\t\t\t<\/div>\n\t\t<\/div>\n\t\t\t\t<div class=\"elementor-column elementor-col-33 elementor-top-column elementor-element elementor-element-e4aa346\" data-id=\"e4aa346\" data-element_type=\"column\">\n\t\t\t<div class=\"elementor-widget-wrap\">\n\t\t\t\t\t\t\t<\/div>\n\t\t<\/div>\n\t\t\t\t\t<\/div>\n\t\t<\/section>\n\t\t\t\t<section class=\"elementor-section elementor-top-section elementor-element elementor-element-a656dd3 elementor-section-boxed elementor-section-height-default elementor-section-height-default\" data-id=\"a656dd3\" data-element_type=\"section\">\n\t\t\t\t\t\t<div class=\"elementor-container elementor-column-gap-default\">\n\t\t\t\t\t<div class=\"elementor-column elementor-col-50 elementor-top-column elementor-element elementor-element-d6d1d2b\" data-id=\"d6d1d2b\" data-element_type=\"column\">\n\t\t\t<div class=\"elementor-widget-wrap elementor-element-populated\">\n\t\t\t\t\t\t<div class=\"elementor-element elementor-element-1bd8181 elementor-grid-3 elementor-grid-tablet-2 elementor-grid-mobile-1 elementor-posts--thumbnail-top elementor-card-shadow-yes elementor-posts__hover-gradient elementor-widget elementor-widget-posts\" data-id=\"1bd8181\" data-element_type=\"widget\" data-settings=\"{&quot;cards_columns&quot;:&quot;3&quot;,&quot;cards_columns_tablet&quot;:&quot;2&quot;,&quot;cards_columns_mobile&quot;:&quot;1&quot;,&quot;cards_row_gap&quot;:{&quot;unit&quot;:&quot;px&quot;,&quot;size&quot;:35,&quot;sizes&quot;:[]},&quot;cards_row_gap_tablet&quot;:{&quot;unit&quot;:&quot;px&quot;,&quot;size&quot;:&quot;&quot;,&quot;sizes&quot;:[]},&quot;cards_row_gap_mobile&quot;:{&quot;unit&quot;:&quot;px&quot;,&quot;size&quot;:&quot;&quot;,&quot;sizes&quot;:[]}}\" data-widget_type=\"posts.cards\">\n\t\t\t\t<div class=\"elementor-widget-container\">\n\t\t\t\t\t\t\t<div class=\"elementor-posts-container elementor-posts elementor-posts--skin-cards elementor-grid\" role=\"list\">\n\t\t\t\t<article class=\"elementor-post elementor-grid-item post-5484 post type-post status-publish format-standard has-post-thumbnail hentry category-eventos entry has-media\" role=\"listitem\">\n\t\t\t<div class=\"elementor-post__card\">\n\t\t\t\t<a class=\"elementor-post__thumbnail__link\" href=\"https:\/\/www.guremarket.eus\/eu\/2024\/03\/20\/webinar-hacia-una-economia-circular-en-la-industria-agroalimentaria-la-ley-de-residuos-como-motor-del-cambio\/\" tabindex=\"-1\"><div class=\"elementor-post__thumbnail\"><img fetchpriority=\"high\" decoding=\"async\" width=\"325\" height=\"217\" src=\"https:\/\/www.guremarket.eus\/wp-content\/uploads\/2024\/03\/post-webinar-hacia-una-economia-circular-en-la-industria-agroalimentaria-la-ley-de-residuos-como-motor-del-cambio-325x217.png\" class=\"attachment-thumbnail size-thumbnail wp-image-5487\" alt=\"\" srcset=\"https:\/\/www.guremarket.eus\/wp-content\/uploads\/2024\/03\/post-webinar-hacia-una-economia-circular-en-la-industria-agroalimentaria-la-ley-de-residuos-como-motor-del-cambio-325x217.png 325w, https:\/\/www.guremarket.eus\/wp-content\/uploads\/2024\/03\/post-webinar-hacia-una-economia-circular-en-la-industria-agroalimentaria-la-ley-de-residuos-como-motor-del-cambio-650x433.png 650w\" sizes=\"(max-width: 325px) 100vw, 325px\" \/><\/div><\/a>\n\t\t\t\t<div class=\"elementor-post__badge\">Ekitaldiak<\/div>\n\t\t\t\t<div class=\"elementor-post__text\">\n\t\t\t\t<h3 class=\"elementor-post__title\">\n\t\t\t<a href=\"https:\/\/www.guremarket.eus\/eu\/2024\/03\/20\/webinar-hacia-una-economia-circular-en-la-industria-agroalimentaria-la-ley-de-residuos-como-motor-del-cambio\/\">\n\t\t\t\tWEBINARRA \"Elikagaien industrian ekonomia zirkular baterantz: Hondakinen legea aldaketaren eragile gisa\"\t\t\t<\/a>\n\t\t<\/h3>\n\t\t\t\t<div class=\"elementor-post__excerpt\">\n\t\t\t<p>Desde hace unos a\u00f1os, las Agencias de Desarrollo Oarsoaldea, Debegesa y Tolosaldea Garatzen vienen impulsando proyectos de desarrollo en cooperaci\u00f3n entre empresas del sector de<\/p>\n\t\t<\/div>\n\t\t\n\t\t<a class=\"elementor-post__read-more\" href=\"https:\/\/www.guremarket.eus\/eu\/2024\/03\/20\/webinar-hacia-una-economia-circular-en-la-industria-agroalimentaria-la-ley-de-residuos-como-motor-del-cambio\/\" aria-label=\"Read more about WEBINAR \u00abHacia una econom\u00eda circular en la industria agroalimentaria: La ley de residuos como motor del cambio\u00bb\" tabindex=\"-1\">\n\t\t\tIrakurri gehiago &gt;&gt;\t\t<\/a>\n\n\t\t\t\t<\/div>\n\t\t\t\t<div class=\"elementor-post__meta-data\">\n\t\t\t\t\t<span class=\"elementor-post-date\">\n\t\t\t2024-03-20\t\t<\/span>\n\t\t\t\t<span class=\"elementor-post-avatar\">\n\t\t\tIruzkinik ez\t\t<\/span>\n\t\t\t\t<\/div>\n\t\t\t\t\t<\/div>\n\t\t<\/article>\n\t\t\t\t<article class=\"elementor-post elementor-grid-item post-4665 post type-post status-publish format-standard has-post-thumbnail hentry category-eventos entry has-media\" role=\"listitem\">\n\t\t\t<div class=\"elementor-post__card\">\n\t\t\t\t<a class=\"elementor-post__thumbnail__link\" href=\"https:\/\/www.guremarket.eus\/eu\/2021\/11\/18\/webinar-alimentos-para-personas-con-alergias-nuevos-retos-para-la-industria-alimentaria\/\" tabindex=\"-1\"><div class=\"elementor-post__thumbnail\"><img decoding=\"async\" width=\"325\" height=\"217\" src=\"https:\/\/www.guremarket.eus\/wp-content\/uploads\/2021\/11\/post-webinar-alimentos-para-personas-con-alergias-nuevos-retos-para-la-industria-alimentaria-325x217.jpg\" class=\"attachment-thumbnail size-thumbnail wp-image-4667\" alt=\"\" srcset=\"https:\/\/www.guremarket.eus\/wp-content\/uploads\/2021\/11\/post-webinar-alimentos-para-personas-con-alergias-nuevos-retos-para-la-industria-alimentaria-325x217.jpg 325w, https:\/\/www.guremarket.eus\/wp-content\/uploads\/2021\/11\/post-webinar-alimentos-para-personas-con-alergias-nuevos-retos-para-la-industria-alimentaria-650x433.jpg 650w\" sizes=\"(max-width: 325px) 100vw, 325px\" \/><\/div><\/a>\n\t\t\t\t<div class=\"elementor-post__badge\">Ekitaldiak<\/div>\n\t\t\t\t<div class=\"elementor-post__text\">\n\t\t\t\t<h3 class=\"elementor-post__title\">\n\t\t\t<a href=\"https:\/\/www.guremarket.eus\/eu\/2021\/11\/18\/webinar-alimentos-para-personas-con-alergias-nuevos-retos-para-la-industria-alimentaria\/\">\n\t\t\t\tWEBINARRA \u201cAlergiak dituzten pertsonentzako elikagaiak, erronka berriak elikagaien industriarentzat\u201d\t\t\t<\/a>\n\t\t<\/h3>\n\t\t\t\t<div class=\"elementor-post__excerpt\">\n\t\t\t<p>Saioaren helburua, joerak ezagutzea, ezagutzak partekatzea, eta elikadura-katean zehar alergenoak hautemateko protokoloak ezagutzea da.<\/p>\n\t\t<\/div>\n\t\t\n\t\t<a class=\"elementor-post__read-more\" href=\"https:\/\/www.guremarket.eus\/eu\/2021\/11\/18\/webinar-alimentos-para-personas-con-alergias-nuevos-retos-para-la-industria-alimentaria\/\" aria-label=\"Read more about WEBINAR \u201cAlimentos para personas con alergias: nuevos retos para la industria alimentaria\u201d\" tabindex=\"-1\">\n\t\t\tIrakurri gehiago &gt;&gt;\t\t<\/a>\n\n\t\t\t\t<\/div>\n\t\t\t\t<div class=\"elementor-post__meta-data\">\n\t\t\t\t\t<span class=\"elementor-post-date\">\n\t\t\t2021-11-18\t\t<\/span>\n\t\t\t\t<span class=\"elementor-post-avatar\">\n\t\t\tIruzkinik ez\t\t<\/span>\n\t\t\t\t<\/div>\n\t\t\t\t\t<\/div>\n\t\t<\/article>\n\t\t\t\t<article class=\"elementor-post elementor-grid-item post-4339 post type-post status-publish format-standard has-post-thumbnail hentry category-eventos entry has-media\" role=\"listitem\">\n\t\t\t<div class=\"elementor-post__card\">\n\t\t\t\t<a class=\"elementor-post__thumbnail__link\" href=\"https:\/\/www.guremarket.eus\/eu\/2021\/01\/25\/webinar-el-futuro-digital-de-la-industria-alimentaria\/\" tabindex=\"-1\"><div class=\"elementor-post__thumbnail\"><img decoding=\"async\" width=\"325\" height=\"217\" src=\"https:\/\/www.guremarket.eus\/wp-content\/uploads\/2021\/01\/post-webinar-el-futuro-digital-de-la-industria-alimentaria-1-325x217.png\" class=\"attachment-thumbnail size-thumbnail wp-image-4342\" alt=\"\" \/><\/div><\/a>\n\t\t\t\t<div class=\"elementor-post__badge\">Ekitaldiak<\/div>\n\t\t\t\t<div class=\"elementor-post__text\">\n\t\t\t\t<h3 class=\"elementor-post__title\">\n\t\t\t<a href=\"https:\/\/www.guremarket.eus\/eu\/2021\/01\/25\/webinar-el-futuro-digital-de-la-industria-alimentaria\/\">\n\t\t\t\tWEBINAR \u00abEl futuro digital de la industria alimentaria\u00bb\t\t\t<\/a>\n\t\t<\/h3>\n\t\t\t\t<div class=\"elementor-post__excerpt\">\n\t\t\t<p>Bajo el t\u00edtulo \u201cEL FUTURO DIGITAL DE LA INDUSTRIA ALIMENTARIA\u201d Y junto con Erich Eichstetter, Responsable del LABe digital gastronomy lab &#8211; Basque Culinary Center\u00a0,<\/p>\n\t\t<\/div>\n\t\t\n\t\t<a class=\"elementor-post__read-more\" href=\"https:\/\/www.guremarket.eus\/eu\/2021\/01\/25\/webinar-el-futuro-digital-de-la-industria-alimentaria\/\" aria-label=\"Read more about WEBINAR \u00abEl futuro digital de la industria alimentaria\u00bb\" tabindex=\"-1\">\n\t\t\tIrakurri gehiago &gt;&gt;\t\t<\/a>\n\n\t\t\t\t<\/div>\n\t\t\t\t<div class=\"elementor-post__meta-data\">\n\t\t\t\t\t<span class=\"elementor-post-date\">\n\t\t\t2021-01-25\t\t<\/span>\n\t\t\t\t<span class=\"elementor-post-avatar\">\n\t\t\tIruzkinik ez\t\t<\/span>\n\t\t\t\t<\/div>\n\t\t\t\t\t<\/div>\n\t\t<\/article>\n\t\t\t\t<article class=\"elementor-post elementor-grid-item post-4247 post type-post status-publish format-standard has-post-thumbnail hentry category-eventos entry has-media\" role=\"listitem\">\n\t\t\t<div class=\"elementor-post__card\">\n\t\t\t\t<a class=\"elementor-post__thumbnail__link\" href=\"https:\/\/www.guremarket.eus\/eu\/2020\/10\/30\/webinar-lehiamarket-claves-competitivas-para-el-lanzamiento-de-nuevos-productos-y-servicios\/\" tabindex=\"-1\"><div class=\"elementor-post__thumbnail\"><img loading=\"lazy\" decoding=\"async\" width=\"325\" height=\"217\" src=\"https:\/\/www.guremarket.eus\/wp-content\/uploads\/2020\/10\/post-webinar-lehiamarket-claves-competitivas-para-el-lanzamiento-de-nuevos-productos-y-servicios-1-325x217.png\" class=\"attachment-thumbnail size-thumbnail wp-image-4251\" alt=\"\" \/><\/div><\/a>\n\t\t\t\t<div class=\"elementor-post__badge\">Ekitaldiak<\/div>\n\t\t\t\t<div class=\"elementor-post__text\">\n\t\t\t\t<h3 class=\"elementor-post__title\">\n\t\t\t<a href=\"https:\/\/www.guremarket.eus\/eu\/2020\/10\/30\/webinar-lehiamarket-claves-competitivas-para-el-lanzamiento-de-nuevos-productos-y-servicios\/\">\n\t\t\t\tWebinar \u00abLEHIAMARKET, claves competitivas para el lanzamiento de nuevos productos y servicios\u00bb\t\t\t<\/a>\n\t\t<\/h3>\n\t\t\t\t<div class=\"elementor-post__excerpt\">\n\t\t\t<p>\u00bfQuieres descubrir c\u00f3mo est\u00e1n cambiado tus consumidores con el Covid? \u00bfSabes que hay una forma de descubrir las necesidades profundas de tus consumidores ahora? Es<\/p>\n\t\t<\/div>\n\t\t\n\t\t<a class=\"elementor-post__read-more\" href=\"https:\/\/www.guremarket.eus\/eu\/2020\/10\/30\/webinar-lehiamarket-claves-competitivas-para-el-lanzamiento-de-nuevos-productos-y-servicios\/\" aria-label=\"Read more about Webinar \u00abLEHIAMARKET, claves competitivas para el lanzamiento de nuevos productos y servicios\u00bb\" tabindex=\"-1\">\n\t\t\tIrakurri gehiago &gt;&gt;\t\t<\/a>\n\n\t\t\t\t<\/div>\n\t\t\t\t<div class=\"elementor-post__meta-data\">\n\t\t\t\t\t<span class=\"elementor-post-date\">\n\t\t\t2020-10-30\t\t<\/span>\n\t\t\t\t<span class=\"elementor-post-avatar\">\n\t\t\tIruzkinik ez\t\t<\/span>\n\t\t\t\t<\/div>\n\t\t\t\t\t<\/div>\n\t\t<\/article>\n\t\t\t\t<article class=\"elementor-post elementor-grid-item post-4298 post type-post status-publish format-standard has-post-thumbnail hentry category-eventos entry has-media\" role=\"listitem\">\n\t\t\t<div class=\"elementor-post__card\">\n\t\t\t\t<a class=\"elementor-post__thumbnail__link\" href=\"https:\/\/www.guremarket.eus\/eu\/2020\/10\/23\/guremarket-participa-y-reinventa-tu-negocio\/\" tabindex=\"-1\"><div class=\"elementor-post__thumbnail\"><img loading=\"lazy\" decoding=\"async\" width=\"325\" height=\"217\" src=\"https:\/\/www.guremarket.eus\/wp-content\/uploads\/2020\/12\/post-guremarket-participa-y-reinventa-tu-negocio-325x217.png\" class=\"attachment-thumbnail size-thumbnail wp-image-4300\" alt=\"\" srcset=\"https:\/\/www.guremarket.eus\/wp-content\/uploads\/2020\/12\/post-guremarket-participa-y-reinventa-tu-negocio-325x217.png 325w, https:\/\/www.guremarket.eus\/wp-content\/uploads\/2020\/12\/post-guremarket-participa-y-reinventa-tu-negocio-650x433.png 650w\" sizes=\"(max-width: 325px) 100vw, 325px\" \/><\/div><\/a>\n\t\t\t\t<div class=\"elementor-post__badge\">Ekitaldiak<\/div>\n\t\t\t\t<div class=\"elementor-post__text\">\n\t\t\t\t<h3 class=\"elementor-post__title\">\n\t\t\t<a href=\"https:\/\/www.guremarket.eus\/eu\/2020\/10\/23\/guremarket-participa-y-reinventa-tu-negocio\/\">\n\t\t\t\t#GureMarket. \u201cParticipa y reinventa tu negocio\u00bb\t\t\t<\/a>\n\t\t<\/h3>\n\t\t\t\t<div class=\"elementor-post__excerpt\">\n\t\t\t<p>El pasado 8 de octubre arrancamos este proyecto financiado en su totalidad por la Diputaci\u00f3n Foral de Gipuzkoa, con un Webinar en el que comenzamos<\/p>\n\t\t<\/div>\n\t\t\n\t\t<a class=\"elementor-post__read-more\" href=\"https:\/\/www.guremarket.eus\/eu\/2020\/10\/23\/guremarket-participa-y-reinventa-tu-negocio\/\" aria-label=\"Read more about #GureMarket. \u201cParticipa y reinventa tu negocio\u00bb\" tabindex=\"-1\">\n\t\t\tIrakurri gehiago &gt;&gt;\t\t<\/a>\n\n\t\t\t\t<\/div>\n\t\t\t\t<div class=\"elementor-post__meta-data\">\n\t\t\t\t\t<span class=\"elementor-post-date\">\n\t\t\t2020-10-23\t\t<\/span>\n\t\t\t\t<span class=\"elementor-post-avatar\">\n\t\t\tIruzkinik ez\t\t<\/span>\n\t\t\t\t<\/div>\n\t\t\t\t\t<\/div>\n\t\t<\/article>\n\t\t\t\t<article class=\"elementor-post elementor-grid-item post-4223 post type-post status-publish format-standard has-post-thumbnail hentry category-eventos entry has-media\" role=\"listitem\">\n\t\t\t<div class=\"elementor-post__card\">\n\t\t\t\t<a class=\"elementor-post__thumbnail__link\" href=\"https:\/\/www.guremarket.eus\/eu\/2020\/10\/06\/guremarket-lehiamarket-claves-competitivas-para-el-lanzamiento-de-nuevos-productos-y-servicios\/\" tabindex=\"-1\"><div class=\"elementor-post__thumbnail\"><img loading=\"lazy\" decoding=\"async\" width=\"325\" height=\"217\" src=\"https:\/\/www.guremarket.eus\/wp-content\/uploads\/2020\/10\/post-guremarket-lehiamarket-claves-competitivas-para-el-lanzamiento-de-nuevos-productos-y-servicios-1-325x217.jpg\" class=\"attachment-thumbnail size-thumbnail wp-image-4228\" alt=\"\" \/><\/div><\/a>\n\t\t\t\t<div class=\"elementor-post__badge\">Ekitaldiak<\/div>\n\t\t\t\t<div class=\"elementor-post__text\">\n\t\t\t\t<h3 class=\"elementor-post__title\">\n\t\t\t<a href=\"https:\/\/www.guremarket.eus\/eu\/2020\/10\/06\/guremarket-lehiamarket-claves-competitivas-para-el-lanzamiento-de-nuevos-productos-y-servicios\/\">\n\t\t\t\t#GureMarket. \u00abLEHIAMARKET, claves competitivas para el lanzamiento de nuevos productos y servicios\u00bb\t\t\t<\/a>\n\t\t<\/h3>\n\t\t\t\t<div class=\"elementor-post__excerpt\">\n\t\t\t<p>Bajo el t\u00edtulo \u201cLEHIAMARKET, claves competitivas para el lanzamiento de nuevos productos y servicios\u201d y junto con Pablo Armend\u00e1riz y Jes\u00fas Ayarza de Camino Innovaci\u00f3n,<\/p>\n\t\t<\/div>\n\t\t\n\t\t<a class=\"elementor-post__read-more\" href=\"https:\/\/www.guremarket.eus\/eu\/2020\/10\/06\/guremarket-lehiamarket-claves-competitivas-para-el-lanzamiento-de-nuevos-productos-y-servicios\/\" aria-label=\"Read more about #GureMarket. \u00abLEHIAMARKET, claves competitivas para el lanzamiento de nuevos productos y servicios\u00bb\" tabindex=\"-1\">\n\t\t\tIrakurri gehiago &gt;&gt;\t\t<\/a>\n\n\t\t\t\t<\/div>\n\t\t\t\t<div class=\"elementor-post__meta-data\">\n\t\t\t\t\t<span class=\"elementor-post-date\">\n\t\t\t2020-10-06\t\t<\/span>\n\t\t\t\t<span class=\"elementor-post-avatar\">\n\t\t\tIruzkinik ez\t\t<\/span>\n\t\t\t\t<\/div>\n\t\t\t\t\t<\/div>\n\t\t<\/article>\n\t\t\t\t<\/div>\n\t\t\n\t\t\t\t<div class=\"e-load-more-anchor\" data-page=\"1\" data-max-page=\"5\" data-next-page=\"https:\/\/www.guremarket.eus\/eu\/wp-json\/wp\/v2\/pages\/1391\/page\/2\/\"><\/div>\n\t\t\t\t<nav class=\"elementor-pagination\" aria-label=\"Pagination\">\n\t\t\t<span aria-current=\"page\" class=\"page-numbers current\"><span class=\"elementor-screen-only\">Page<\/span>1<\/span>\n<a class=\"page-numbers\" href=\"https:\/\/www.guremarket.eus\/eu\/wp-json\/wp\/v2\/pages\/1391\/page\/2\/\"><span class=\"elementor-screen-only\">Page<\/span>2<\/a>\n<a class=\"page-numbers\" href=\"https:\/\/www.guremarket.eus\/eu\/wp-json\/wp\/v2\/pages\/1391\/page\/3\/\"><span class=\"elementor-screen-only\">Page<\/span>3<\/a>\n<a class=\"page-numbers\" href=\"https:\/\/www.guremarket.eus\/eu\/wp-json\/wp\/v2\/pages\/1391\/page\/4\/\"><span class=\"elementor-screen-only\">Page<\/span>4<\/a>\n<a class=\"page-numbers\" href=\"https:\/\/www.guremarket.eus\/eu\/wp-json\/wp\/v2\/pages\/1391\/page\/5\/\"><span class=\"elementor-screen-only\">Page<\/span>5<\/a>\t\t<\/nav>\n\t\t\t\t\t\t<\/div>\n\t\t\t\t<\/div>\n\t\t\t\t\t<\/div>\n\t\t<\/div>\n\t\t\t\t<div class=\"elementor-column elementor-col-50 elementor-top-column elementor-element elementor-element-8b8d03f\" data-id=\"8b8d03f\" data-element_type=\"column\">\n\t\t\t<div class=\"elementor-widget-wrap elementor-element-populated\">\n\t\t\t\t\t\t<div class=\"elementor-element elementor-element-981fcdf elementor-widget elementor-widget-sidebar\" data-id=\"981fcdf\" data-element_type=\"widget\" data-widget_type=\"sidebar.default\">\n\t\t\t\t<div class=\"elementor-widget-container\">\n\t\t\t\t\t<div id=\"ocean_custom_menu-2\" class=\"sidebar-box widget-oceanwp-custom-menu custom-menu-widget clr\"><style type=\"text\/css\">.ocean_custom_menu-2 > ul > li > a, .custom-menu-widget .ocean_custom_menu-2 .dropdown-menu .sub-menu li a.menu-link{color:#000000;}.custom-menu-widget .ocean_custom_menu-2.oceanwp-custom-menu > ul.click-menu .open-this{color:#000000;}.ocean_custom_menu-2 > ul > li > a:hover, .custom-menu-widget .ocean_custom_menu-2 .dropdown-menu .sub-menu li a.menu-link:hover{color:#339966;}.custom-menu-widget .ocean_custom_menu-2.oceanwp-custom-menu > ul.click-menu .open-this:hover{color:#339966;}<\/style><h4 class=\"widget-title\">Aktualitatea<\/h4><div class=\"oceanwp-custom-menu clr ocean_custom_menu-2 left dropdown-hover\"><ul id=\"menu-blog_servicios\" class=\"dropdown-menu sf-menu\"><li  id=\"menu-item-1537\" class=\"menu-item menu-item-type-post_type menu-item-object-page menu-item-1537\"><a href=\"https:\/\/www.guremarket.eus\/eu\/ayudas-y-subvenciones\/\" class=\"menu-link\">Diru-laguntzak<\/a><\/li>\n<li  id=\"menu-item-1398\" class=\"menu-item menu-item-type-post_type menu-item-object-page menu-item-1398\"><a href=\"https:\/\/www.guremarket.eus\/eu\/eventos\/\" class=\"menu-link\">Ekitaldiak<\/a><\/li>\n<li  id=\"menu-item-1538\" class=\"menu-item menu-item-type-post_type menu-item-object-page menu-item-1538\"><a href=\"https:\/\/www.guremarket.eus\/eu\/noticias\/\" class=\"menu-link\">Berriak<\/a><\/li>\n<\/ul><\/div><\/div>\t\t\t\t<\/div>\n\t\t\t\t<\/div>\n\t\t\t\t\t<\/div>\n\t\t<\/div>\n\t\t\t\t\t<\/div>\n\t\t<\/section>\n\t\t\t\t<\/div>","protected":false},"excerpt":{"rendered":"","protected":false},"author":5,"featured_media":0,"parent":0,"menu_order":0,"comment_status":"closed","ping_status":"closed","template":"","meta":{"_acf_changed":false,"ocean_post_layout":"","ocean_both_sidebars_style":"","ocean_both_sidebars_content_width":0,"ocean_both_sidebars_sidebars_width":0,"ocean_sidebar":"0","ocean_second_sidebar":"0","ocean_disable_margins":"enable","ocean_add_body_class":"","ocean_shortcode_before_top_bar":"","ocean_shortcode_after_top_bar":"","ocean_shortcode_before_header":"","ocean_shortcode_after_header":"[elementor-template id=\"1369\"]","ocean_has_shortcode":"","ocean_shortcode_after_title":"","ocean_shortcode_before_footer_widgets":"","ocean_shortcode_after_footer_widgets":"","ocean_shortcode_before_footer_bottom":"","ocean_shortcode_after_footer_bottom":"","ocean_display_top_bar":"default","ocean_display_header":"default","ocean_header_style":"","ocean_center_header_left_menu":"0","ocean_custom_header_template":"0","ocean_custom_logo":0,"ocean_custom_retina_logo":0,"ocean_custom_logo_max_width":0,"ocean_custom_logo_tablet_max_width":0,"ocean_custom_logo_mobile_max_width":0,"ocean_custom_logo_max_height":0,"ocean_custom_logo_tablet_max_height":0,"ocean_custom_logo_mobile_max_height":0,"ocean_header_custom_menu":"0","ocean_menu_typo_font_family":"0","ocean_menu_typo_font_subset":"","ocean_menu_typo_font_size":0,"ocean_menu_typo_font_size_tablet":0,"ocean_menu_typo_font_size_mobile":0,"ocean_menu_typo_font_size_unit":"px","ocean_menu_typo_font_weight":"","ocean_menu_typo_font_weight_tablet":"","ocean_menu_typo_font_weight_mobile":"","ocean_menu_typo_transform":"","ocean_menu_typo_transform_tablet":"","ocean_menu_typo_transform_mobile":"","ocean_menu_typo_line_height":0,"ocean_menu_typo_line_height_tablet":0,"ocean_menu_typo_line_height_mobile":0,"ocean_menu_typo_line_height_unit":"","ocean_menu_typo_spacing":0,"ocean_menu_typo_spacing_tablet":0,"ocean_menu_typo_spacing_mobile":0,"ocean_menu_typo_spacing_unit":"","ocean_menu_link_color":"","ocean_menu_link_color_hover":"","ocean_menu_link_color_active":"","ocean_menu_link_background":"","ocean_menu_link_hover_background":"","ocean_menu_link_active_background":"","ocean_menu_social_links_bg":"","ocean_menu_social_hover_links_bg":"","ocean_menu_social_links_color":"","ocean_menu_social_hover_links_color":"","ocean_disable_title":"default","ocean_disable_heading":"default","ocean_post_title":"","ocean_post_subheading":"","ocean_post_title_style":"","ocean_post_title_background_color":"","ocean_post_title_background":0,"ocean_post_title_bg_image_position":"","ocean_post_title_bg_image_attachment":"","ocean_post_title_bg_image_repeat":"","ocean_post_title_bg_image_size":"","ocean_post_title_height":0,"ocean_post_title_bg_overlay":0.5,"ocean_post_title_bg_overlay_color":"","ocean_disable_breadcrumbs":"default","ocean_breadcrumbs_color":"#000000","ocean_breadcrumbs_separator_color":"#000000","ocean_breadcrumbs_links_color":"#8bc34a","ocean_breadcrumbs_links_hover_color":"#000000","ocean_display_footer_widgets":"default","ocean_display_footer_bottom":"default","ocean_custom_footer_template":"0","footnotes":""},"class_list":["post-1391","page","type-page","status-publish","hentry","entry","has-media"],"acf":[],"_links":{"self":[{"href":"https:\/\/www.guremarket.eus\/eu\/wp-json\/wp\/v2\/pages\/1391","targetHints":{"allow":["GET"]}}],"collection":[{"href":"https:\/\/www.guremarket.eus\/eu\/wp-json\/wp\/v2\/pages"}],"about":[{"href":"https:\/\/www.guremarket.eus\/eu\/wp-json\/wp\/v2\/types\/page"}],"author":[{"embeddable":true,"href":"https:\/\/www.guremarket.eus\/eu\/wp-json\/wp\/v2\/users\/5"}],"replies":[{"embeddable":true,"href":"https:\/\/www.guremarket.eus\/eu\/wp-json\/wp\/v2\/comments?post=1391"}],"version-history":[{"count":30,"href":"https:\/\/www.guremarket.eus\/eu\/wp-json\/wp\/v2\/pages\/1391\/revisions"}],"predecessor-version":[{"id":2191,"href":"https:\/\/www.guremarket.eus\/eu\/wp-json\/wp\/v2\/pages\/1391\/revisions\/2191"}],"wp:attachment":[{"href":"https:\/\/www.guremarket.eus\/eu\/wp-json\/wp\/v2\/media?parent=1391"}],"curies":[{"name":"wp","href":"https:\/\/api.w.org\/{rel}","templated":true}]}}