{"id":1534,"date":"2018-10-27T11:48:17","date_gmt":"2018-10-27T09:48:17","guid":{"rendered":"https:\/\/www.guremarket.eus\/?page_id=1534"},"modified":"2018-11-26T15:25:31","modified_gmt":"2018-11-26T14:25:31","slug":"ayudas-y-subvenciones","status":"publish","type":"page","link":"https:\/\/www.guremarket.eus\/eu\/ayudas-y-subvenciones\/","title":{"rendered":"Diru-laguntzak"},"content":{"rendered":"<div data-elementor-type=\"wp-post\" data-elementor-id=\"1534\" class=\"elementor elementor-1534 elementor-bc-flex-widget\" data-elementor-post-type=\"page\">\n\t\t\t\t\t\t<section class=\"elementor-section elementor-top-section elementor-element elementor-element-039722b elementor-section-boxed elementor-section-height-default elementor-section-height-default\" data-id=\"039722b\" data-element_type=\"section\">\n\t\t\t\t\t\t<div class=\"elementor-container elementor-column-gap-default\">\n\t\t\t\t\t<div class=\"elementor-column elementor-col-33 elementor-top-column elementor-element elementor-element-f5604b2\" data-id=\"f5604b2\" data-element_type=\"column\">\n\t\t\t<div class=\"elementor-widget-wrap\">\n\t\t\t\t\t\t\t<\/div>\n\t\t<\/div>\n\t\t\t\t<div class=\"elementor-column elementor-col-33 elementor-top-column elementor-element elementor-element-ca3755d\" data-id=\"ca3755d\" data-element_type=\"column\">\n\t\t\t<div class=\"elementor-widget-wrap\">\n\t\t\t\t\t\t\t<\/div>\n\t\t<\/div>\n\t\t\t\t<div class=\"elementor-column elementor-col-33 elementor-top-column elementor-element elementor-element-e4aa346\" data-id=\"e4aa346\" data-element_type=\"column\">\n\t\t\t<div class=\"elementor-widget-wrap\">\n\t\t\t\t\t\t\t<\/div>\n\t\t<\/div>\n\t\t\t\t\t<\/div>\n\t\t<\/section>\n\t\t\t\t<section class=\"elementor-section elementor-top-section elementor-element elementor-element-a656dd3 elementor-section-boxed elementor-section-height-default elementor-section-height-default\" data-id=\"a656dd3\" data-element_type=\"section\">\n\t\t\t\t\t\t<div class=\"elementor-container elementor-column-gap-default\">\n\t\t\t\t\t<div class=\"elementor-column elementor-col-50 elementor-top-column elementor-element elementor-element-d6d1d2b\" data-id=\"d6d1d2b\" data-element_type=\"column\">\n\t\t\t<div class=\"elementor-widget-wrap elementor-element-populated\">\n\t\t\t\t\t\t<div class=\"elementor-element elementor-element-1bd8181 elementor-posts--thumbnail-none elementor-grid-3 elementor-grid-tablet-2 elementor-grid-mobile-1 elementor-card-shadow-yes elementor-posts__hover-gradient elementor-widget elementor-widget-posts\" data-id=\"1bd8181\" data-element_type=\"widget\" data-settings=\"{&quot;cards_columns&quot;:&quot;3&quot;,&quot;cards_columns_tablet&quot;:&quot;2&quot;,&quot;cards_columns_mobile&quot;:&quot;1&quot;,&quot;cards_row_gap&quot;:{&quot;unit&quot;:&quot;px&quot;,&quot;size&quot;:35,&quot;sizes&quot;:[]},&quot;cards_row_gap_tablet&quot;:{&quot;unit&quot;:&quot;px&quot;,&quot;size&quot;:&quot;&quot;,&quot;sizes&quot;:[]},&quot;cards_row_gap_mobile&quot;:{&quot;unit&quot;:&quot;px&quot;,&quot;size&quot;:&quot;&quot;,&quot;sizes&quot;:[]}}\" data-widget_type=\"posts.cards\">\n\t\t\t\t<div class=\"elementor-widget-container\">\n\t\t\t\t\t\t\t<div class=\"elementor-posts-container elementor-posts elementor-posts--skin-cards elementor-grid\" role=\"list\">\n\t\t\t\t<article class=\"elementor-post elementor-grid-item post-5595 post type-post status-publish format-standard hentry category-ayudas-y-subvenciones entry\" role=\"listitem\">\n\t\t\t<div class=\"elementor-post__card\">\n\t\t\t\t<div class=\"elementor-post__text\">\n\t\t\t\t<h3 class=\"elementor-post__title\">\n\t\t\t<a href=\"https:\/\/www.guremarket.eus\/eu\/2024\/07\/02\/ayudas-a-proyectos-al-amparo-de-la-estrategia-de-desarrollo-local-participativo-edlp-aprobada-al-grupo-de-accion-local-del-sector-pesquero-galp-para-el-desarrollo-sostenible-de-las-zonas-de-pesca-3\/\">\n\t\t\t\tPartaidetzazko toki-garapeneko estrategiaren (PTGE) babeseko proiektuetarako laguntzak, Estrategia hori arrantza-sektoreko tokiko ekintza-taldeak (ATET) onetsi du, arrantza-eremuen garapen jasangarrirako, Europako Itsas, Arrantza eta Akuikultura Funtsaren (EIAAF) esparruan\t\t\t<\/a>\n\t\t<\/h3>\n\t\t\t\t<div class=\"elementor-post__excerpt\">\n\t\t\t<p>EUSKAL HERRIKO AGINTARITZAREN ALDIZKARIA AGINDUA, 2024ko ekainaren 4koa, Ekonomiaren Garapen, Jasangarritasun eta Ingurumeneko sailburuarena<\/p>\n\t\t<\/div>\n\t\t\n\t\t<a class=\"elementor-post__read-more\" href=\"https:\/\/www.guremarket.eus\/eu\/2024\/07\/02\/ayudas-a-proyectos-al-amparo-de-la-estrategia-de-desarrollo-local-participativo-edlp-aprobada-al-grupo-de-accion-local-del-sector-pesquero-galp-para-el-desarrollo-sostenible-de-las-zonas-de-pesca-3\/\" aria-label=\"Read more about Ayudas a proyectos al amparo de la estrategia de desarrollo local participativo (EDLP), aprobada al grupo de acci\u00f3n local del sector pesquero (GALP) para el desarrollo sostenible de las zonas de pesca, en el marco del Fondo Europeo Mar\u00edtimo de Pesca y de la Acuicultura (FEMPA)\" tabindex=\"-1\">\n\t\t\tIrakurri gehiago &gt;&gt;\t\t<\/a>\n\n\t\t\t\t<\/div>\n\t\t\t\t<div class=\"elementor-post__meta-data\">\n\t\t\t\t\t<span class=\"elementor-post-date\">\n\t\t\t2024-07-02\t\t<\/span>\n\t\t\t\t<\/div>\n\t\t\t\t\t<\/div>\n\t\t<\/article>\n\t\t\t\t<article class=\"elementor-post elementor-grid-item post-5591 post type-post status-publish format-standard hentry category-ayudas-y-subvenciones entry\" role=\"listitem\">\n\t\t\t<div class=\"elementor-post__card\">\n\t\t\t\t<div class=\"elementor-post__text\">\n\t\t\t\t<h3 class=\"elementor-post__title\">\n\t\t\t<a href=\"https:\/\/www.guremarket.eus\/eu\/2024\/06\/27\/ayudas-extraordinarias-al-sector-del-vino-para-la-destilacion-de-vinos-amparados-bajo-la-denominacion-de-origen-controlada-rioja\/\">\n\t\t\t\tArdoaren sektorerako aparteko dirulaguntzak, Errioxa Jatorri Deitura Kalifikatua ikurra duten ardoak destilatzeko\t\t\t<\/a>\n\t\t<\/h3>\n\t\t\t\t<div class=\"elementor-post__excerpt\">\n\t\t\t<p>EUSKAL HERRIKO AGINTARITZAREN ALDIZKARIA AGINDUA, 2024ko ekainaren 18koa, Ekonomiaren Garapen, Jasangarritasun eta Ingurumeneko sailburuarena,<\/p>\n\t\t<\/div>\n\t\t\n\t\t<a class=\"elementor-post__read-more\" href=\"https:\/\/www.guremarket.eus\/eu\/2024\/06\/27\/ayudas-extraordinarias-al-sector-del-vino-para-la-destilacion-de-vinos-amparados-bajo-la-denominacion-de-origen-controlada-rioja\/\" aria-label=\"Read more about Ayudas extraordinarias al sector del vino para la destilaci\u00f3n de vinos amparados bajo la Denominaci\u00f3n de Origen Controlada Rioja\" tabindex=\"-1\">\n\t\t\tIrakurri gehiago &gt;&gt;\t\t<\/a>\n\n\t\t\t\t<\/div>\n\t\t\t\t<div class=\"elementor-post__meta-data\">\n\t\t\t\t\t<span class=\"elementor-post-date\">\n\t\t\t2024-06-27\t\t<\/span>\n\t\t\t\t<\/div>\n\t\t\t\t\t<\/div>\n\t\t<\/article>\n\t\t\t\t<article class=\"elementor-post elementor-grid-item post-5587 post type-post status-publish format-standard hentry category-ayudas-y-subvenciones entry\" role=\"listitem\">\n\t\t\t<div class=\"elementor-post__card\">\n\t\t\t\t<div class=\"elementor-post__text\">\n\t\t\t\t<h3 class=\"elementor-post__title\">\n\t\t\t<a href=\"https:\/\/www.guremarket.eus\/eu\/2024\/06\/18\/ayudas-a-las-organizaciones-profesionales-agrarias-de-caracter-sindical-de-la-comunidad-autonoma-del-pais-vasco-para-el-ejercicio-2024\/\">\n\t\t\t\tEuskal Autonomia Erkidegoan izaera sindikala duten nekazarien erakunde profesionalentzako 2024ko ekitaldirako laguntzak\t\t\t<\/a>\n\t\t<\/h3>\n\t\t\t\t<div class=\"elementor-post__excerpt\">\n\t\t\t<p>EUSKAL HERRIKO AGINTARITZAREN ALDIZKARIA AGINDUA, 2024ko ekainaren 4koa, Ekonomiaren Garapen, Jasangarritasun eta Ingurumeneko sailburuarena<\/p>\n\t\t<\/div>\n\t\t\n\t\t<a class=\"elementor-post__read-more\" href=\"https:\/\/www.guremarket.eus\/eu\/2024\/06\/18\/ayudas-a-las-organizaciones-profesionales-agrarias-de-caracter-sindical-de-la-comunidad-autonoma-del-pais-vasco-para-el-ejercicio-2024\/\" aria-label=\"Read more about Ayudas a las organizaciones profesionales agrarias de car\u00e1cter sindical de la Comunidad Aut\u00f3noma del Pa\u00eds Vasco para el ejercicio 2024\" tabindex=\"-1\">\n\t\t\tIrakurri gehiago &gt;&gt;\t\t<\/a>\n\n\t\t\t\t<\/div>\n\t\t\t\t<div class=\"elementor-post__meta-data\">\n\t\t\t\t\t<span class=\"elementor-post-date\">\n\t\t\t2024-06-18\t\t<\/span>\n\t\t\t\t<\/div>\n\t\t\t\t\t<\/div>\n\t\t<\/article>\n\t\t\t\t<article class=\"elementor-post elementor-grid-item post-5583 post type-post status-publish format-standard hentry category-ayudas-y-subvenciones entry\" role=\"listitem\">\n\t\t\t<div class=\"elementor-post__card\">\n\t\t\t\t<div class=\"elementor-post__text\">\n\t\t\t\t<h3 class=\"elementor-post__title\">\n\t\t\t<a href=\"https:\/\/www.guremarket.eus\/eu\/2024\/06\/12\/subvenciones-para-la-financiacion-de-proyectos-innovadores-orientados-a-las-misiones-de-la-alimentacion-sostenible-y-nueva-movilidad-programa-etorkizuna-eraikiz-misioak-2024\/\">\n\t\t\t\tElikadura jasangarriaren eta mugikortasun berriaren misioetara bideratutako proiektu berritzaileak finantzatzeko dirulaguntzak (Etorkizuna Eraikiz Misioak 2024 programa)\t\t\t<\/a>\n\t\t<\/h3>\n\t\t\t\t<div class=\"elementor-post__excerpt\">\n\t\t\t<p>GIPUZKOAKO ALDIZKARI OFIZIALA Elikadura jasangarriaren eta mugikortasun berriaren misioetara bideratutako proiektu berritzaileak finantzatzeko dirulaguntzen<\/p>\n\t\t<\/div>\n\t\t\n\t\t<a class=\"elementor-post__read-more\" href=\"https:\/\/www.guremarket.eus\/eu\/2024\/06\/12\/subvenciones-para-la-financiacion-de-proyectos-innovadores-orientados-a-las-misiones-de-la-alimentacion-sostenible-y-nueva-movilidad-programa-etorkizuna-eraikiz-misioak-2024\/\" aria-label=\"Read more about Subvenciones para la financiaci\u00f3n de proyectos innovadores orientados a las misiones de la alimentaci\u00f3n sostenible y nueva movilidad (Programa Etorkizuna Eraikiz Misioak 2024)\" tabindex=\"-1\">\n\t\t\tIrakurri gehiago &gt;&gt;\t\t<\/a>\n\n\t\t\t\t<\/div>\n\t\t\t\t<div class=\"elementor-post__meta-data\">\n\t\t\t\t\t<span class=\"elementor-post-date\">\n\t\t\t2024-06-12\t\t<\/span>\n\t\t\t\t<\/div>\n\t\t\t\t\t<\/div>\n\t\t<\/article>\n\t\t\t\t<article class=\"elementor-post elementor-grid-item post-5579 post type-post status-publish format-standard hentry category-ayudas-y-subvenciones entry\" role=\"listitem\">\n\t\t\t<div class=\"elementor-post__card\">\n\t\t\t\t<div class=\"elementor-post__text\">\n\t\t\t\t<h3 class=\"elementor-post__title\">\n\t\t\t<a href=\"https:\/\/www.guremarket.eus\/eu\/2024\/06\/10\/programa-leader-2024-ayudas-a-las-inversiones-en-empresas-no-agrarias-y-en-diversificacion-agraria\/\">\n\t\t\t\tLEADER programa 2024 - Nekazaritzakoak ez diren enpresetan eta nekazaritzadibertsifikazioan inbertsioak egiteko laguntzak\t\t\t<\/a>\n\t\t<\/h3>\n\t\t\t\t<div class=\"elementor-post__excerpt\">\n\t\t\t<p>EUSKAL HERRIKO AGINTARITZAREN ALDIZKARIA LEADER programa 2024 - Nekazaritzakoak ez diren enpresetan eta nekazaritzadibertsifikazioan<\/p>\n\t\t<\/div>\n\t\t\n\t\t<a class=\"elementor-post__read-more\" href=\"https:\/\/www.guremarket.eus\/eu\/2024\/06\/10\/programa-leader-2024-ayudas-a-las-inversiones-en-empresas-no-agrarias-y-en-diversificacion-agraria\/\" aria-label=\"Read more about Programa LEADER 2024 &#8211; Ayudas a las inversiones en empresas no agrarias y en diversificaci\u00f3n agraria\" tabindex=\"-1\">\n\t\t\tIrakurri gehiago &gt;&gt;\t\t<\/a>\n\n\t\t\t\t<\/div>\n\t\t\t\t<div class=\"elementor-post__meta-data\">\n\t\t\t\t\t<span class=\"elementor-post-date\">\n\t\t\t2024-06-10\t\t<\/span>\n\t\t\t\t<\/div>\n\t\t\t\t\t<\/div>\n\t\t<\/article>\n\t\t\t\t<article class=\"elementor-post elementor-grid-item post-5575 post type-post status-publish format-standard hentry category-ayudas-y-subvenciones entry\" role=\"listitem\">\n\t\t\t<div class=\"elementor-post__card\">\n\t\t\t\t<div class=\"elementor-post__text\">\n\t\t\t\t<h3 class=\"elementor-post__title\">\n\t\t\t<a href=\"https:\/\/www.guremarket.eus\/eu\/2024\/06\/05\/correccion-de-errores-ayudas-para-2024-destinadas-a-la-contratacion-de-seguros-ganaderos-que-cubran-los-riesgos-sanitarios-de-las-explotaciones-ganaderas-del-territorio-historico-de-alava\/\">\n\t\t\t\tHUTSEN ZUZENKETA - Arabako Lurralde Historikoko abeltzaintza ustiategietako osasun arriskuak estaltzen dituzten abeltzaintza aseguruak kontratatzeko 2024ko laguntzak\t\t\t<\/a>\n\t\t<\/h3>\n\t\t\t\t<div class=\"elementor-post__excerpt\">\n\t\t\t<p>ARABAKO LURRALDE HISTORIKOAREN ALDIZKARI OFIZIALA Hutsen zuzenketa, onestea Arabako Lurralde Historikoko abeltzaintza ustiategietako osasun arriskuak<\/p>\n\t\t<\/div>\n\t\t\n\t\t<a class=\"elementor-post__read-more\" href=\"https:\/\/www.guremarket.eus\/eu\/2024\/06\/05\/correccion-de-errores-ayudas-para-2024-destinadas-a-la-contratacion-de-seguros-ganaderos-que-cubran-los-riesgos-sanitarios-de-las-explotaciones-ganaderas-del-territorio-historico-de-alava\/\" aria-label=\"Read more about CORRECCI\u00d3N DE ERRORES \u2013 Ayudas para 2024 destinadas a la contrataci\u00f3n de seguros ganaderos que cubran los riesgos sanitarios de las explotaciones ganaderas del Territorio Hist\u00f3rico de \u00c1lava\" tabindex=\"-1\">\n\t\t\tIrakurri gehiago &gt;&gt;\t\t<\/a>\n\n\t\t\t\t<\/div>\n\t\t\t\t<div class=\"elementor-post__meta-data\">\n\t\t\t\t\t<span class=\"elementor-post-date\">\n\t\t\t2024-06-05\t\t<\/span>\n\t\t\t\t<\/div>\n\t\t\t\t\t<\/div>\n\t\t<\/article>\n\t\t\t\t<\/div>\n\t\t\n\t\t\t\t<div class=\"e-load-more-anchor\" data-page=\"1\" data-max-page=\"69\" data-next-page=\"https:\/\/www.guremarket.eus\/eu\/wp-json\/wp\/v2\/pages\/1534\/page\/2\/\"><\/div>\n\t\t\t\t<nav class=\"elementor-pagination\" aria-label=\"Pagination\">\n\t\t\t<span aria-current=\"page\" class=\"page-numbers current\"><span class=\"elementor-screen-only\">Page<\/span>1<\/span>\n<a class=\"page-numbers\" href=\"https:\/\/www.guremarket.eus\/eu\/wp-json\/wp\/v2\/pages\/1534\/page\/2\/\"><span class=\"elementor-screen-only\">Page<\/span>2<\/a>\n<a class=\"page-numbers\" href=\"https:\/\/www.guremarket.eus\/eu\/wp-json\/wp\/v2\/pages\/1534\/page\/3\/\"><span class=\"elementor-screen-only\">Page<\/span>3<\/a>\n<a class=\"page-numbers\" href=\"https:\/\/www.guremarket.eus\/eu\/wp-json\/wp\/v2\/pages\/1534\/page\/4\/\"><span class=\"elementor-screen-only\">Page<\/span>4<\/a>\n<a class=\"page-numbers\" href=\"https:\/\/www.guremarket.eus\/eu\/wp-json\/wp\/v2\/pages\/1534\/page\/5\/\"><span class=\"elementor-screen-only\">Page<\/span>5<\/a>\t\t<\/nav>\n\t\t\t\t\t\t<\/div>\n\t\t\t\t<\/div>\n\t\t\t\t\t<\/div>\n\t\t<\/div>\n\t\t\t\t<div class=\"elementor-column elementor-col-50 elementor-top-column elementor-element elementor-element-8b8d03f\" data-id=\"8b8d03f\" data-element_type=\"column\">\n\t\t\t<div class=\"elementor-widget-wrap elementor-element-populated\">\n\t\t\t\t\t\t<div class=\"elementor-element elementor-element-981fcdf elementor-widget elementor-widget-sidebar\" data-id=\"981fcdf\" data-element_type=\"widget\" data-widget_type=\"sidebar.default\">\n\t\t\t\t<div class=\"elementor-widget-container\">\n\t\t\t\t\t<div id=\"ocean_custom_menu-2\" class=\"sidebar-box widget-oceanwp-custom-menu custom-menu-widget clr\"><style type=\"text\/css\">.ocean_custom_menu-2 > ul > li > a, .custom-menu-widget .ocean_custom_menu-2 .dropdown-menu .sub-menu li a.menu-link{color:#000000;}.custom-menu-widget .ocean_custom_menu-2.oceanwp-custom-menu > ul.click-menu .open-this{color:#000000;}.ocean_custom_menu-2 > ul > li > a:hover, .custom-menu-widget .ocean_custom_menu-2 .dropdown-menu .sub-menu li a.menu-link:hover{color:#339966;}.custom-menu-widget .ocean_custom_menu-2.oceanwp-custom-menu > ul.click-menu .open-this:hover{color:#339966;}<\/style><h4 class=\"widget-title\">Aktualitatea<\/h4><div class=\"oceanwp-custom-menu clr ocean_custom_menu-2 left dropdown-hover\"><ul id=\"menu-blog_servicios\" class=\"dropdown-menu sf-menu\"><li  id=\"menu-item-1537\" class=\"menu-item menu-item-type-post_type menu-item-object-page menu-item-1537\"><a href=\"https:\/\/www.guremarket.eus\/eu\/ayudas-y-subvenciones\/\" class=\"menu-link\">Diru-laguntzak<\/a><\/li>\n<li  id=\"menu-item-1398\" class=\"menu-item menu-item-type-post_type menu-item-object-page menu-item-1398\"><a href=\"https:\/\/www.guremarket.eus\/eu\/eventos\/\" class=\"menu-link\">Ekitaldiak<\/a><\/li>\n<li  id=\"menu-item-1538\" class=\"menu-item menu-item-type-post_type menu-item-object-page menu-item-1538\"><a href=\"https:\/\/www.guremarket.eus\/eu\/noticias\/\" class=\"menu-link\">Berriak<\/a><\/li>\n<\/ul><\/div><\/div>\t\t\t\t<\/div>\n\t\t\t\t<\/div>\n\t\t\t\t\t<\/div>\n\t\t<\/div>\n\t\t\t\t\t<\/div>\n\t\t<\/section>\n\t\t\t\t<\/div>","protected":false},"excerpt":{"rendered":"","protected":false},"author":5,"featured_media":0,"parent":0,"menu_order":0,"comment_status":"closed","ping_status":"closed","template":"","meta":{"_acf_changed":false,"ocean_post_layout":"","ocean_both_sidebars_style":"","ocean_both_sidebars_content_width":0,"ocean_both_sidebars_sidebars_width":0,"ocean_sidebar":"0","ocean_second_sidebar":"0","ocean_disable_margins":"enable","ocean_add_body_class":"","ocean_shortcode_before_top_bar":"","ocean_shortcode_after_top_bar":"","ocean_shortcode_before_header":"","ocean_shortcode_after_header":"[elementor-template id=\"1369\"]","ocean_has_shortcode":"","ocean_shortcode_after_title":"","ocean_shortcode_before_footer_widgets":"","ocean_shortcode_after_footer_widgets":"","ocean_shortcode_before_footer_bottom":"","ocean_shortcode_after_footer_bottom":"","ocean_display_top_bar":"default","ocean_display_header":"default","ocean_header_style":"","ocean_center_header_left_menu":"0","ocean_custom_header_template":"0","ocean_custom_logo":0,"ocean_custom_retina_logo":0,"ocean_custom_logo_max_width":0,"ocean_custom_logo_tablet_max_width":0,"ocean_custom_logo_mobile_max_width":0,"ocean_custom_logo_max_height":0,"ocean_custom_logo_tablet_max_height":0,"ocean_custom_logo_mobile_max_height":0,"ocean_header_custom_menu":"0","ocean_menu_typo_font_family":"0","ocean_menu_typo_font_subset":"","ocean_menu_typo_font_size":0,"ocean_menu_typo_font_size_tablet":0,"ocean_menu_typo_font_size_mobile":0,"ocean_menu_typo_font_size_unit":"px","ocean_menu_typo_font_weight":"","ocean_menu_typo_font_weight_tablet":"","ocean_menu_typo_font_weight_mobile":"","ocean_menu_typo_transform":"","ocean_menu_typo_transform_tablet":"","ocean_menu_typo_transform_mobile":"","ocean_menu_typo_line_height":0,"ocean_menu_typo_line_height_tablet":0,"ocean_menu_typo_line_height_mobile":0,"ocean_menu_typo_line_height_unit":"","ocean_menu_typo_spacing":0,"ocean_menu_typo_spacing_tablet":0,"ocean_menu_typo_spacing_mobile":0,"ocean_menu_typo_spacing_unit":"","ocean_menu_link_color":"","ocean_menu_link_color_hover":"","ocean_menu_link_color_active":"","ocean_menu_link_background":"","ocean_menu_link_hover_background":"","ocean_menu_link_active_background":"","ocean_menu_social_links_bg":"","ocean_menu_social_hover_links_bg":"","ocean_menu_social_links_color":"","ocean_menu_social_hover_links_color":"","ocean_disable_title":"default","ocean_disable_heading":"default","ocean_post_title":"","ocean_post_subheading":"","ocean_post_title_style":"","ocean_post_title_background_color":"","ocean_post_title_background":0,"ocean_post_title_bg_image_position":"","ocean_post_title_bg_image_attachment":"","ocean_post_title_bg_image_repeat":"","ocean_post_title_bg_image_size":"","ocean_post_title_height":0,"ocean_post_title_bg_overlay":0.5,"ocean_post_title_bg_overlay_color":"","ocean_disable_breadcrumbs":"default","ocean_breadcrumbs_color":"#000000","ocean_breadcrumbs_separator_color":"#000000","ocean_breadcrumbs_links_color":"#8bc34a","ocean_breadcrumbs_links_hover_color":"#000000","ocean_display_footer_widgets":"default","ocean_display_footer_bottom":"default","ocean_custom_footer_template":"0","footnotes":""},"class_list":["post-1534","page","type-page","status-publish","hentry","entry"],"acf":[],"_links":{"self":[{"href":"https:\/\/www.guremarket.eus\/eu\/wp-json\/wp\/v2\/pages\/1534","targetHints":{"allow":["GET"]}}],"collection":[{"href":"https:\/\/www.guremarket.eus\/eu\/wp-json\/wp\/v2\/pages"}],"about":[{"href":"https:\/\/www.guremarket.eus\/eu\/wp-json\/wp\/v2\/types\/page"}],"author":[{"embeddable":true,"href":"https:\/\/www.guremarket.eus\/eu\/wp-json\/wp\/v2\/users\/5"}],"replies":[{"embeddable":true,"href":"https:\/\/www.guremarket.eus\/eu\/wp-json\/wp\/v2\/comments?post=1534"}],"version-history":[{"count":10,"href":"https:\/\/www.guremarket.eus\/eu\/wp-json\/wp\/v2\/pages\/1534\/revisions"}],"predecessor-version":[{"id":2237,"href":"https:\/\/www.guremarket.eus\/eu\/wp-json\/wp\/v2\/pages\/1534\/revisions\/2237"}],"wp:attachment":[{"href":"https:\/\/www.guremarket.eus\/eu\/wp-json\/wp\/v2\/media?parent=1534"}],"curies":[{"name":"wp","href":"https:\/\/api.w.org\/{rel}","templated":true}]}}