{"id":1863,"date":"2018-11-07T10:03:24","date_gmt":"2018-11-07T09:03:24","guid":{"rendered":"https:\/\/www.guremarket.eus\/?page_id=1863"},"modified":"2018-11-07T10:13:20","modified_gmt":"2018-11-07T09:13:20","slug":"politica-de-cookies","status":"publish","type":"page","link":"https:\/\/www.guremarket.eus\/eu\/politica-de-cookies\/","title":{"rendered":"Cookien politika"},"content":{"rendered":"<div data-elementor-type=\"wp-post\" data-elementor-id=\"1863\" class=\"elementor elementor-1863 elementor-bc-flex-widget\" data-elementor-post-type=\"page\">\n\t\t\t\t\t\t<section class=\"elementor-section elementor-top-section elementor-element elementor-element-nu8pwap elementor-section-boxed elementor-section-height-default elementor-section-height-default\" data-id=\"nu8pwap\" data-element_type=\"section\">\n\t\t\t\t\t\t<div class=\"elementor-container elementor-column-gap-default\">\n\t\t\t\t\t<div class=\"elementor-column elementor-col-100 elementor-top-column elementor-element elementor-element-fmam19e\" data-id=\"fmam19e\" data-element_type=\"column\">\n\t\t\t<div class=\"elementor-widget-wrap\">\n\t\t\t\t\t\t\t<\/div>\n\t\t<\/div>\n\t\t\t\t\t<\/div>\n\t\t<\/section>\n\t\t\t\t<section class=\"elementor-section elementor-top-section elementor-element elementor-element-25c12b42 elementor-section-boxed elementor-section-height-default elementor-section-height-default\" data-id=\"25c12b42\" data-element_type=\"section\">\n\t\t\t\t\t\t<div class=\"elementor-container elementor-column-gap-default\">\n\t\t\t\t\t<div class=\"elementor-column elementor-col-100 elementor-top-column elementor-element elementor-element-5c96b668\" data-id=\"5c96b668\" data-element_type=\"column\">\n\t\t\t<div class=\"elementor-widget-wrap elementor-element-populated\">\n\t\t\t\t\t\t<div class=\"elementor-element elementor-element-62aab40 elementor-widget elementor-widget-spacer\" data-id=\"62aab40\" data-element_type=\"widget\" data-widget_type=\"spacer.default\">\n\t\t\t\t<div class=\"elementor-widget-container\">\n\t\t\t\t\t\t\t<div class=\"elementor-spacer\">\n\t\t\t<div class=\"elementor-spacer-inner\"><\/div>\n\t\t<\/div>\n\t\t\t\t\t\t<\/div>\n\t\t\t\t<\/div>\n\t\t\t\t\t<\/div>\n\t\t<\/div>\n\t\t\t\t\t<\/div>\n\t\t<\/section>\n\t\t\t\t<section class=\"elementor-section elementor-top-section elementor-element elementor-element-96dc711 elementor-section-boxed elementor-section-height-default elementor-section-height-default\" data-id=\"96dc711\" data-element_type=\"section\">\n\t\t\t\t\t\t<div class=\"elementor-container elementor-column-gap-default\">\n\t\t\t\t\t<div class=\"elementor-column elementor-col-33 elementor-top-column elementor-element elementor-element-cac49a9\" data-id=\"cac49a9\" data-element_type=\"column\">\n\t\t\t<div class=\"elementor-widget-wrap\">\n\t\t\t\t\t\t\t<\/div>\n\t\t<\/div>\n\t\t\t\t<div class=\"elementor-column elementor-col-33 elementor-top-column elementor-element elementor-element-796593b0 animated-slow elementor-invisible\" data-id=\"796593b0\" data-element_type=\"column\" data-settings=\"{&quot;animation&quot;:&quot;fadeIn&quot;,&quot;animation_delay&quot;:50}\">\n\t\t\t<div class=\"elementor-widget-wrap elementor-element-populated\">\n\t\t\t\t\t\t<div class=\"elementor-element elementor-element-f0129b8 elementor-widget elementor-widget-heading\" data-id=\"f0129b8\" data-element_type=\"widget\" data-widget_type=\"heading.default\">\n\t\t\t\t<div class=\"elementor-widget-container\">\n\t\t\t\t\t<h4 class=\"elementor-heading-title elementor-size-default\">Cookien politika<\/h4>\t\t\t\t<\/div>\n\t\t\t\t<\/div>\n\t\t\t\t\t<\/div>\n\t\t<\/div>\n\t\t\t\t<div class=\"elementor-column elementor-col-33 elementor-top-column elementor-element elementor-element-4e14ab4a\" data-id=\"4e14ab4a\" data-element_type=\"column\">\n\t\t\t<div class=\"elementor-widget-wrap\">\n\t\t\t\t\t\t\t<\/div>\n\t\t<\/div>\n\t\t\t\t\t<\/div>\n\t\t<\/section>\n\t\t\t\t<section class=\"elementor-section elementor-top-section elementor-element elementor-element-41d2f3f2 animated-slow elementor-section-boxed elementor-section-height-default elementor-section-height-default elementor-invisible\" data-id=\"41d2f3f2\" data-element_type=\"section\" data-settings=\"{&quot;background_background&quot;:&quot;classic&quot;,&quot;animation&quot;:&quot;fadeIn&quot;}\">\n\t\t\t\t\t\t<div class=\"elementor-container elementor-column-gap-default\">\n\t\t\t\t\t<div class=\"elementor-column elementor-col-100 elementor-top-column elementor-element elementor-element-64126b5d\" data-id=\"64126b5d\" data-element_type=\"column\" data-settings=\"{&quot;background_background&quot;:&quot;classic&quot;}\">\n\t\t\t<div class=\"elementor-widget-wrap elementor-element-populated\">\n\t\t\t\t\t\t<section class=\"elementor-section elementor-inner-section elementor-element elementor-element-4d06c810 elementor-section-boxed elementor-section-height-default elementor-section-height-default\" data-id=\"4d06c810\" data-element_type=\"section\">\n\t\t\t\t\t\t<div class=\"elementor-container elementor-column-gap-default\">\n\t\t\t\t\t<div class=\"elementor-column elementor-col-100 elementor-inner-column elementor-element elementor-element-3a55a3f7\" data-id=\"3a55a3f7\" data-element_type=\"column\">\n\t\t\t<div class=\"elementor-widget-wrap elementor-element-populated\">\n\t\t\t\t\t\t<div class=\"elementor-element elementor-element-2da95a4e elementor-widget elementor-widget-text-editor\" data-id=\"2da95a4e\" data-element_type=\"widget\" data-widget_type=\"text-editor.default\">\n\t\t\t\t<div class=\"elementor-widget-container\">\n\t\t\t\t\t\t\t\t\t<header class=\"entry-header\"><h4 class=\"entry-title\">Cookien politika<\/h4><\/header><div class=\"entry-content\"><p>Web orri honetan bildu dugu eta informazioa erabili adierazi bezala, gure pribatutasun-politika. Modu bat bertan biltzen dugun informazioa da erabileraren bidez \"cookie\" izeneko teknologia. In Gure Merkatuan, cookie-ak erabiltzen ditugu hainbat gauza.<\/p><h4>Zer da cookie bat?<\/h4><p>\"Cookie\" txiki bat da, testu-kopuru hori zure nabigatzailean gordetzen (adibidez, Google Chrome edo Safari Apple) arakatzerakoan gehienak web guneak.<\/p><h4>Zer EZ da cookie bat?<\/h4><p>Ez da birus bat da, ezta troiako bat, ezta harra, ni spam, ni spyware, edo ireki pop-up leihoak.<\/p><h4>Zer informazio gordetzen cookie bat?<\/h4><p>Cookie-ak ez askotan sentikorra informazioa gordetzeko buruz, hala nola kreditu txartel edo bankuko datuak, argazkiak edo informazio pertsonala, eta abar, datuak gordetzen dira teknikoa, estatistika, lehentasunak pertsonala, pertsonalizazioa, edukiak, etab<\/p><p>Web zerbitzariak ez du elkartua duzu, pertsona gisa, baizik zure web nabigatzailea. Izan ere, surf duzu aldian-aldian Chrome nabigatzailea eta saiatu browsing web bera, Firefox nabigatzailea, ikusiko duzu web ez konturatzen zara pertsona bera delako benetan asoziatzen informazio nabigatzailea da, ez pertsona.<\/p><h4>Zer cookie-mota daude?<\/h4><ul><li class=\"translation-block\">Cookie teknikoak: Dira oinarrizko eta aukera ematen du, beste gauza batzuen artean, jakitea noiz ari zara nabigatzen giza edo aplikazio automatizatu bat, noiz nabigazio erabiltzaile anonimo baten bat erregistratuta, oinarrizko zereginak edozein web dinamikoa martxan.<\/li><li class=\"translation-block\">Cookieak analisia: informazioa Biltzen dute, nabigazio mota hori egiten ari da, atal gehienak erabiltzen, produktuak kontsulta, ordutegian erabiltzeko, hizkuntza, eta abar<\/li><li><strong>Publizitate cookie-ak: Erakutsi publizitate arabera, zure nabigazioa, zure jatorrizko herrialdea, hizkuntza, eta abar<\/strong>\u00a0Muestran publicidad en funci\u00f3n de su navegaci\u00f3n, su pa\u00eds de procedencia, idioma, etc.<\/li><\/ul><h4>Zer dira cookie propioak eta horiek hirugarrenen?<\/h4><p>Lehen-cookies dira, horiek sortutako orria bisitatzen ari zaren eta hirugarren dira horiek sortutako zerbitzuak edo kanpoko bezala hornitzaileak Mailchimp, Mailrelay, Facebook, Twitter, Google adsense, eta abar<\/p><h4>Zer cookie-ak webgune hau erabiltzen du?<\/h4><p>Web gune honek cookieak erabiltzen ditu, propioak eta hirugarren. Webgune honetan erabili honako cookie zehazten dira jarraian:<\/p><p><strong>Cookies:<\/strong><\/p><ul><li class=\"translation-block\">Saioa: cookie-ak saio baimendu sartu behar duzu, eta zure kontua irteera at Gure Merkatuan.<\/li><li class=\"translation-block\">Pertsonalizazioa: cookieak lagundu digu, gogoratu zer pertsona edo webgune duzu elkarreragin, beraz, ezin dugu erakutsi duzu lotutako edukiak.<\/li><li class=\"translation-block\">Lehentasunak: cookie Hauek aukera ematen digu gogoratu zure ezarpenak eta lehentasunak, bezalako zure gogoko hizkuntza eta pribatutasun-ezarpenak.<\/li><li class=\"translation-block\">Segurtasuna: Erabiltzen ditugu cookie-ak saihesteko lagunduko dizu, segurtasun-arriskuak. Nagusiki detektatzeko norbaitek saiatzen da hack zure kontua Ezarri Merkatuan.<\/li><\/ul><p><strong>Hirugarrenen Cookieak:<\/strong><\/p><p>Webgune hau erabiltzen analytics zerbitzuak, zehazki, Google Analytics laguntzeko web gunearen erabilera aztertzeko erabiltzaileek egiten duten web orrian eta hobetzeko erabilgarritasuna bera, baina inolaz ere ez dira lotutako datu hori ezin erabiltzailea identifikatzeko. Google Analytics, web analytics zerbitzua emandako, Google, Inc., Erabiltzaileak kontsultatu ahal izango hemen mota cookie-ak Google-k erabiltzen dituen.\u00a0<a href=\"https:\/\/www.google.es\/intl\/es\/policies\/technologies\/types\/\" target=\"_blank\" rel=\"noopener\">hemen<\/a>\u00a0el tipo de cookies utilizadas por Google.<\/p><h4>Ezin duzu ezabatu cookie-ak?<\/h4><p class=\"translation-block\">Bai, eta ez bakarrik ezabatu, gainera, bloke, orokor edo berezi domeinu jakin.\nKendu cookie bat web joan behar, zure nabigatzailearen konfigurazioa eta han aurkitu ahal izango duzu lotutako domeinu galdera eta jarraitu bere ezabatzea.<\/p><ul><li class=\"translation-block\">Konfigurazioa cookie-ak Google Chrome<\/li><li class=\"translation-block\">Konfigurazioa cookie-ak Apple Safari<\/li><li class=\"translation-block\">Konfigurazioa cookie-ak Internet Explorer<\/li><li class=\"translation-block\">Konfigurazioa cookie-ak Mozilla Firefox<\/li><\/ul><h4>Cookies buruzko informazio gehiago<\/h4><p class=\"translation-block\">Kontsultatu ahal izango duzu, araudia cookie-ak argitaratutako espainiako Agentziaren Datuak Babesteko zure \"erabiltzeko Gida\" cookie-ak \" eta lortu cookies buruzko informazio gehiago Interneten, http:\/\/www.aboutcookies.org\/<\/p><p>Nahi baduzu, kontrol gehiago cookieak instalatzea, instalatu dezakezu programak edo gehigarri zure nabigatzaileak, bezala ezagutzen tresnak \"Do Not Track\", eta horrek aukera emango dizu hautatu horiek cookieak baimendu nahi duzun.<\/p><p>Cookie politika honetan izan da azken eguneratzea on 07-11-2018.<\/p><\/div>\t\t\t\t\t\t\t\t<\/div>\n\t\t\t\t<\/div>\n\t\t\t\t\t<\/div>\n\t\t<\/div>\n\t\t\t\t\t<\/div>\n\t\t<\/section>\n\t\t\t\t\t<\/div>\n\t\t<\/div>\n\t\t\t\t\t<\/div>\n\t\t<\/section>\n\t\t\t\t<\/div>","protected":false},"excerpt":{"rendered":"<p>Pol\u00edtica de cookies Pol\u00edtica de cookies En esta web recopilamos y utilizamos la informaci\u00f3n seg\u00fan indicamos en nuestra pol\u00edtica de privacidad. Una de las formas en las que recopilamos informaci\u00f3n es a trav\u00e9s del uso de la tecnolog\u00eda llamada \u201ccookies\u201d. En Gure Market, utilizamos cookies para varias cosas. \u00bfQu\u00e9 es una cookie? Una \u201ccookie\u201d es [&hellip;]<\/p>","protected":false},"author":5,"featured_media":0,"parent":0,"menu_order":0,"comment_status":"closed","ping_status":"closed","template":"","meta":{"_acf_changed":false,"ocean_post_layout":"","ocean_both_sidebars_style":"","ocean_both_sidebars_content_width":0,"ocean_both_sidebars_sidebars_width":0,"ocean_sidebar":"0","ocean_second_sidebar":"0","ocean_disable_margins":"enable","ocean_add_body_class":"","ocean_shortcode_before_top_bar":"","ocean_shortcode_after_top_bar":"","ocean_shortcode_before_header":"","ocean_shortcode_after_header":"","ocean_has_shortcode":"","ocean_shortcode_after_title":"","ocean_shortcode_before_footer_widgets":"","ocean_shortcode_after_footer_widgets":"","ocean_shortcode_before_footer_bottom":"","ocean_shortcode_after_footer_bottom":"","ocean_display_top_bar":"default","ocean_display_header":"default","ocean_header_style":"","ocean_center_header_left_menu":"0","ocean_custom_header_template":"0","ocean_custom_logo":0,"ocean_custom_retina_logo":0,"ocean_custom_logo_max_width":0,"ocean_custom_logo_tablet_max_width":0,"ocean_custom_logo_mobile_max_width":0,"ocean_custom_logo_max_height":0,"ocean_custom_logo_tablet_max_height":0,"ocean_custom_logo_mobile_max_height":0,"ocean_header_custom_menu":"0","ocean_menu_typo_font_family":"0","ocean_menu_typo_font_subset":"","ocean_menu_typo_font_size":0,"ocean_menu_typo_font_size_tablet":0,"ocean_menu_typo_font_size_mobile":0,"ocean_menu_typo_font_size_unit":"px","ocean_menu_typo_font_weight":"","ocean_menu_typo_font_weight_tablet":"","ocean_menu_typo_font_weight_mobile":"","ocean_menu_typo_transform":"","ocean_menu_typo_transform_tablet":"","ocean_menu_typo_transform_mobile":"","ocean_menu_typo_line_height":0,"ocean_menu_typo_line_height_tablet":0,"ocean_menu_typo_line_height_mobile":0,"ocean_menu_typo_line_height_unit":"","ocean_menu_typo_spacing":0,"ocean_menu_typo_spacing_tablet":0,"ocean_menu_typo_spacing_mobile":0,"ocean_menu_typo_spacing_unit":"","ocean_menu_link_color":"","ocean_menu_link_color_hover":"","ocean_menu_link_color_active":"","ocean_menu_link_background":"","ocean_menu_link_hover_background":"","ocean_menu_link_active_background":"","ocean_menu_social_links_bg":"","ocean_menu_social_hover_links_bg":"","ocean_menu_social_links_color":"","ocean_menu_social_hover_links_color":"","ocean_disable_title":"default","ocean_disable_heading":"default","ocean_post_title":"","ocean_post_subheading":"","ocean_post_title_style":"","ocean_post_title_background_color":"","ocean_post_title_background":0,"ocean_post_title_bg_image_position":"","ocean_post_title_bg_image_attachment":"","ocean_post_title_bg_image_repeat":"","ocean_post_title_bg_image_size":"","ocean_post_title_height":0,"ocean_post_title_bg_overlay":0.5,"ocean_post_title_bg_overlay_color":"","ocean_disable_breadcrumbs":"default","ocean_breadcrumbs_color":"","ocean_breadcrumbs_separator_color":"","ocean_breadcrumbs_links_color":"","ocean_breadcrumbs_links_hover_color":"","ocean_display_footer_widgets":"default","ocean_display_footer_bottom":"default","ocean_custom_footer_template":"0","footnotes":""},"class_list":["post-1863","page","type-page","status-publish","hentry","entry"],"acf":[],"_links":{"self":[{"href":"https:\/\/www.guremarket.eus\/eu\/wp-json\/wp\/v2\/pages\/1863","targetHints":{"allow":["GET"]}}],"collection":[{"href":"https:\/\/www.guremarket.eus\/eu\/wp-json\/wp\/v2\/pages"}],"about":[{"href":"https:\/\/www.guremarket.eus\/eu\/wp-json\/wp\/v2\/types\/page"}],"author":[{"embeddable":true,"href":"https:\/\/www.guremarket.eus\/eu\/wp-json\/wp\/v2\/users\/5"}],"replies":[{"embeddable":true,"href":"https:\/\/www.guremarket.eus\/eu\/wp-json\/wp\/v2\/comments?post=1863"}],"version-history":[{"count":4,"href":"https:\/\/www.guremarket.eus\/eu\/wp-json\/wp\/v2\/pages\/1863\/revisions"}],"predecessor-version":[{"id":1868,"href":"https:\/\/www.guremarket.eus\/eu\/wp-json\/wp\/v2\/pages\/1863\/revisions\/1868"}],"wp:attachment":[{"href":"https:\/\/www.guremarket.eus\/eu\/wp-json\/wp\/v2\/media?parent=1863"}],"curies":[{"name":"wp","href":"https:\/\/api.w.org\/{rel}","templated":true}]}}